{"id":290,"date":"2014-11-04T15:36:58","date_gmt":"2014-11-04T14:36:58","guid":{"rendered":"https:\/\/amg-fechoz.com\/mentions-legales\/?lang=en"},"modified":"2025-08-18T15:17:17","modified_gmt":"2025-08-18T13:17:17","slug":"legal-terms","status":"publish","type":"page","link":"https:\/\/amg-fechoz.com\/en\/legal-terms\/","title":{"rendered":"Legal Terms"},"content":{"rendered":"<h1>Legal Terms<\/h1>\n<p>Raison sociale :AMG-F\u00c9CHOZ<br \/>\nSAS\u00a0au capital social de 1 000\u00a0000 \u20ac<br \/>\nRCS Paris B 348 629 858<br \/>\nCode NAF : 4669B<br \/>\nSi\u00e8ge social : AMG-F\u00c9CHOZ, 44 RUE DUHESME 75018 PARIS<br \/>\nE-mail :<br \/>\nT\u00e9l\u00e9phone :<br \/>\nDirecteur de publication :\u00a0Micheline GAUTIER<\/p>\n<h3>H\u00e9bergeur<\/h3>\n<p>VULTR (vultr.com)<br \/>\n100 Matawan Rd<br \/>\nSuite 420<br \/>\nMatawan, NJ 07747, USA<\/p>\n<div class=\"sixcol first\">\n<h3>Propri\u00e9t\u00e9s intellectuelles<\/h3>\n<p>Les contenus de ce site (structure, design, texte, image, animation, logo) sont la propri\u00e9t\u00e9 exclusive d&#8217;AMG-F\u00c9CHOZ. Toute repr\u00e9sentation totale ou partielle de ce site est soumise \u00e0 l\u2019autorisation pr\u00e9alable, \u00e9crite et expresse d&#8217;AMG-F\u00c9CHOZ.<\/p>\n<\/div>\n<div class=\"sixcol last\">\n<p>Les noms, marques et enseignes cit\u00e9s sur le site sont la propri\u00e9t\u00e9 de leurs d\u00e9posants respectifs.<\/p>\n<h3>Limitation de responsabilit\u00e9<\/h3>\n<p>Ce site ne saurait \u00eatre tenu pour responsable des erreurs rencontr\u00e9es sur le site, probl\u00e8mes techniques, interpr\u00e9tation des informations publi\u00e9e et cons\u00e9quences de leur utilisation. En cons\u00e9quence, l\u2019utilisateur reconna\u00eet utiliser ces informations sous sa responsabilit\u00e9 exclusive.<\/p>\n<h3>Informatique et libert\u00e9s<\/h3>\n<p>Conform\u00e9ment \u00e0 la loi \u00ab informatique et libert\u00e9s \u00bb du 6 janvier 1978 modifi\u00e9e en 2004, vous b\u00e9n\u00e9ficiez d\u2019un droit d\u2019acc\u00e8s et de rectification aux informations qui vous concernent, que vous pouvez exercer en vous adressant \u00c0\u00a0AMG-F\u00c9CHOZ, 44 RUE DUHESME 75018 PARIS.<\/p>\n<p>Vous pouvez \u00e9galement, pour des motifs l\u00e9gitimes, vous opposer au traitement des donn\u00e9es vous concernant.<\/p>\n<\/div>\n","protected":false},"excerpt":{"rendered":"<p>Legal Terms Raison sociale :AMG-F\u00c9CHOZ SAS\u00a0au capital social de 1 000\u00a0000 \u20ac RCS Paris B 348 629 858 Code NAF : 4669B Si\u00e8ge social : AMG-F\u00c9CHOZ, 44 RUE DUHESME 75018 PARIS E-mail : T\u00e9l\u00e9phone : Directeur de publication :\u00a0Micheline GAUTIER H\u00e9bergeur VULTR (vultr.com) 100 Matawan Rd Suite 420 Matawan, NJ 07747, USA Propri\u00e9t\u00e9s intellectuelles Les&#8230;  <a class=\"excerpt-read-more\" href=\"https:\/\/amg-fechoz.com\/en\/legal-terms\/\" title=\"Read Legal Terms\">Read more &raquo;<\/a><\/p>\n","protected":false},"author":2,"featured_media":0,"parent":0,"menu_order":7,"comment_status":"closed","ping_status":"closed","template":"","meta":{"_acf_changed":false,"footnotes":""},"class_list":["post-290","page","type-page","status-publish","hentry"],"acf":[],"_links":{"self":[{"href":"https:\/\/amg-fechoz.com\/en\/wp-json\/wp\/v2\/pages\/290","targetHints":{"allow":["GET"]}}],"collection":[{"href":"https:\/\/amg-fechoz.com\/en\/wp-json\/wp\/v2\/pages"}],"about":[{"href":"https:\/\/amg-fechoz.com\/en\/wp-json\/wp\/v2\/types\/page"}],"author":[{"embeddable":true,"href":"https:\/\/amg-fechoz.com\/en\/wp-json\/wp\/v2\/users\/2"}],"replies":[{"embeddable":true,"href":"https:\/\/amg-fechoz.com\/en\/wp-json\/wp\/v2\/comments?post=290"}],"version-history":[{"count":1,"href":"https:\/\/amg-fechoz.com\/en\/wp-json\/wp\/v2\/pages\/290\/revisions"}],"predecessor-version":[{"id":291,"href":"https:\/\/amg-fechoz.com\/en\/wp-json\/wp\/v2\/pages\/290\/revisions\/291"}],"wp:attachment":[{"href":"https:\/\/amg-fechoz.com\/en\/wp-json\/wp\/v2\/media?parent=290"}],"curies":[{"name":"wp","href":"https:\/\/api.w.org\/{rel}","templated":true}]}}